{"id":230790,"date":"2023-04-28T13:08:38","date_gmt":"2023-04-28T11:08:38","guid":{"rendered":"https:\/\/neu.niwar.de\/?page_id=230790"},"modified":"2026-05-07T16:46:03","modified_gmt":"2026-05-07T14:46:03","slug":"news","status":"publish","type":"page","link":"https:\/\/niwar.de\/fr\/news\/","title":{"rendered":"Actualit\u00e9s"},"content":{"rendered":"<p>[et_pb_section fb_built=&#8220;1&#8243; custom_padding_last_edited=&#8220;on|phone&#8220; _builder_version=&#8220;4.27.0&#8243; _module_preset=&#8220;default&#8220; background_image=&#8220;https:\/\/niwar.de\/wp-content\/uploads\/2025\/07\/web-32.jpg&#8220; background_position=&#8220;bottom_center&#8220; background_vertical_offset=&#8220;39%&#8220; background_blend=&#8220;darken&#8220; custom_padding=&#8220;206px||206px||true|false&#8220; custom_padding_tablet=&#8220;200px||100px||false|false&#8220; custom_padding_phone=&#8220;80px||20px||false|false&#8220; global_colors_info=&#8220;{}&#8220;][et_pb_row column_structure=&#8220;3_5,2_5&#8243; _builder_version=&#8220;4.22.0&#8243; _module_preset=&#8220;default&#8220; custom_padding=&#8220;0px||0px||true|false&#8220; global_colors_info=&#8220;{}&#8220;][et_pb_column type=&#8220;3_5&#8243; _builder_version=&#8220;4.22.0&#8243; _module_preset=&#8220;default&#8220; background_color=&#8220;#FFF330&#8243; custom_padding=&#8220;60px|60px|60px|60px|true|true&#8220; custom_padding_tablet=&#8220;60px|60px|60px|60px|true|true&#8220; custom_padding_phone=&#8220;30px|30px|30px|30px|true|true&#8220; custom_padding_last_edited=&#8220;on|phone&#8220; animation_style=&#8220;zoom&#8220; border_radii=&#8220;on|10px|10px|10px|10px&#8220; global_colors_info=&#8220;{}&#8220;][et_pb_text _builder_version=&#8220;4.27.0&#8243; _module_preset=&#8220;default&#8220; global_colors_info=&#8220;{}&#8220;]<\/p>\n<h1>News<\/h1>\n<p>Damit Sie auch unsere stetige Weiterentwicklung im Auge behalten und zur\u00fcckverfolgen k\u00f6nnen, informieren wir Sie \u00fcber die aktuellen Neuigkeiten in unserem Unternehmen.<\/p>\n<p>[\/et_pb_text][\/et_pb_column][et_pb_column type=&#8220;2_5&#8243; disabled_on=&#8220;on|on|off&#8220; _builder_version=&#8220;4.16&#8243; _module_preset=&#8220;default&#8220; global_colors_info=&#8220;{}&#8220;][\/et_pb_column][\/et_pb_row][\/et_pb_section][et_pb_section fb_built=&#8220;1&#8243; module_id=&#8220;start&#8220; _builder_version=&#8220;4.21.0&#8243; _module_preset=&#8220;default&#8220; background_color=&#8220;#f7f7f7&#8243; custom_padding=&#8220;103px||90px||false|false&#8220; global_colors_info=&#8220;{}&#8220;][et_pb_row column_structure=&#8220;3_5,2_5&#8243; use_custom_gutter=&#8220;on&#8220; gutter_width=&#8220;1&#8243; _builder_version=&#8220;4.21.0&#8243; _module_preset=&#8220;default&#8220; custom_margin=&#8220;37px|auto|-2px|auto|false|false&#8220; custom_padding=&#8220;126px||126px||true|false&#8220; global_colors_info=&#8220;{}&#8220; custom_css_main_element_last_edited=&#8220;on|tablet&#8220; custom_css_main_element_tablet=&#8220;display: flex;||flex-direction: column-reverse;&#8220; custom_css_main_element_phone=&#8220;display: flex;||flex-direction: column-reverse;&#8220;][et_pb_column type=&#8220;3_5&#8243; _builder_version=&#8220;4.16&#8243; _module_preset=&#8220;default&#8220; background_color=&#8220;#FFFFFF&#8220; custom_padding=&#8220;60px|60px|60px|60px|true|true&#8220; scroll_vertical_motion_enable=&#8220;on&#8220; scroll_vertical_motion=&#8220;0|50|50|100|0.5|0|0&#8243; border_radii=&#8220;on|10px|10px|10px|10px&#8220; global_colors_info=&#8220;{}&#8220;][et_pb_blurb title=&#8220;06 \/ 2024&#8243; use_icon=&#8220;on&#8220; font_icon=&#8220;&#xf0a1;||fa||900&#8243; icon_color=&#8220;#FFF330&#8243; icon_placement=&#8220;left&#8220; image_icon_width=&#8220;23px&#8220; content_max_width=&#8220;100%&#8220; _builder_version=&#8220;4.27.0&#8243; _module_preset=&#8220;default&#8220; header_font=&#8220;||||||||&#8220; header_font_size=&#8220;18px&#8220; header_line_height=&#8220;1.3em&#8220; image_icon_custom_margin=&#8220;|10px|||false|false&#8220; custom_margin=&#8220;||0px||false|false&#8220; global_colors_info=&#8220;{}&#8220;][\/et_pb_blurb][et_pb_text _builder_version=&#8220;4.27.4&#8243; _module_preset=&#8220;default&#8220; custom_margin=&#8220;||40px||false|false&#8220; global_colors_info=&#8220;{}&#8220;]<\/p>\n<h2>Neue ABUS Krananlagen<\/h2>\n<p data-start=\"178\" data-end=\"333\">Um unsere Intralogistik und Verladung noch effizienter zu gestalten, haben wir in eine moderne Krananlage von ABUS investiert. Zwei 10\u2011t-Krane, ein 5\u2011t- und ein 3,2\u2011t-Kran unterst\u00fctzen uns dabei, schwere Trommeln und Spulen noch sicherer und pr\u00e4ziser zu bewegen.<\/p>\n<p data-start=\"335\" data-end=\"599\">Dank intelligenter Funktionen wie der Pendeld\u00e4mpfung werden Schwingungen w\u00e4hrend der Fahrt automatisch ausgeglichen. Das erh\u00f6ht nicht nur die Sicherheit und den Arbeitskomfort, sondern verbessert auch die pr\u00e4zise Platzierung der Lasten. Zus\u00e4tzlich sorgt die Gleichlaufregelung daf\u00fcr, dass mehrere Hebezeuge synchron arbeiten. Das erleichtert das Heben gro\u00dfer Spulen. \u00dcber individuell einstellbare Fahr- und Hubprofile lassen sich zudem Geschwindigkeit und Beschleunigung genau auf die jeweiligen Anforderungen anpassen.<\/p>\n<p data-start=\"1218\" data-end=\"1434\">Mit dieser Investition verbessern wir nicht nur unsere innerbetrieblichen Abl\u00e4ufe, sondern auch den Arbeitskomfort f\u00fcr unsere Mitarbeitenden.<\/p>\n<p data-start=\"658\" data-end=\"723\">\n<p>[\/et_pb_text][dsm_icon_list icon_color=&#8220;#1C1C1C&#8220; icon_padding=&#8220;0px&#8220; icon_font_size=&#8220;25px&#8220; list_space_between=&#8220;15px&#8220; list_padding=&#8220;||||false|false&#8220; text_indent=&#8220;10px&#8220; _builder_version=&#8220;4.27.0&#8243; _module_preset=&#8220;default&#8220; custom_padding=&#8220;||0px|||&#8220; global_colors_info=&#8220;{}&#8220;][dsm_icon_list_child text=&#8220;Funkfernsteuerung mit freier Sicht auf die Last&#8220; font_icon=&#8220;&#x4e;||divi||400&#8243; _builder_version=&#8220;4.27.0&#8243; _module_preset=&#8220;default&#8220; global_colors_info=&#8220;{}&#8220;][\/dsm_icon_list_child][dsm_icon_list_child text=&#8220;Synchronbetrieb m\u00f6glich&#8220; font_icon=&#8220;&#x4e;||divi||400&#8243; _builder_version=&#8220;4.27.0&#8243; _module_preset=&#8220;default&#8220; global_colors_info=&#8220;{}&#8220;][\/dsm_icon_list_child][dsm_icon_list_child text=&#8220;Sanftes Anfahren &#038; Bremsen durch frequenzgeregelte Antriebe&#8220; font_icon=&#8220;&#x4e;||divi||400&#8243; _builder_version=&#8220;4.27.0&#8243; _module_preset=&#8220;default&#8220; global_colors_info=&#8220;{}&#8220;][\/dsm_icon_list_child][dsm_icon_list_child text=&#8220;Wartungsfreundliches, zukunftsf\u00e4higes System&#8220; font_icon=&#8220;&#x4e;||divi||400&#8243; _builder_version=&#8220;4.27.0&#8243; _module_preset=&#8220;default&#8220; global_colors_info=&#8220;{}&#8220;][\/dsm_icon_list_child][dsm_icon_list_child text=&#8220;powered by www.abus-kransysteme.de&#8220; font_icon=&#8220;&#x45;||divi||400&#8243; _builder_version=&#8220;4.27.0&#8243; _module_preset=&#8220;default&#8220; global_colors_info=&#8220;{}&#8220;][\/dsm_icon_list_child][\/dsm_icon_list][\/et_pb_column][et_pb_column type=&#8220;2_5&#8243; _builder_version=&#8220;4.16&#8243; _module_preset=&#8220;default&#8220; global_colors_info=&#8220;{}&#8220;][et_pb_image src=&#8220;https:\/\/niwar.de\/wp-content\/uploads\/2025\/09\/DSC01479-2.jpg&#8220; title_text=&#8220;DSC01479+-2&#8243; _builder_version=&#8220;4.27.4&#8243; _module_preset=&#8220;default&#8220; custom_margin=&#8220;-160px||||false|false&#8220; scroll_vertical_motion_enable=&#8220;on&#8220; scroll_vertical_motion=&#8220;0|50|50|100|1|0|0.5&#8243; border_radii=&#8220;on|10px|10px|10px|10px&#8220; global_colors_info=&#8220;{}&#8220;][\/et_pb_image][\/et_pb_column][\/et_pb_row][et_pb_row column_structure=&#8220;2_5,3_5&#8243; use_custom_gutter=&#8220;on&#8220; gutter_width=&#8220;1&#8243; _builder_version=&#8220;4.16&#8243; _module_preset=&#8220;default&#8220; custom_margin=&#8220;160px||||false|false&#8220; custom_padding=&#8220;0px||0px||true|false&#8220; global_colors_info=&#8220;{}&#8220;][et_pb_column type=&#8220;2_5&#8243; _builder_version=&#8220;4.16&#8243; _module_preset=&#8220;default&#8220; global_colors_info=&#8220;{}&#8220;][et_pb_image src=&#8220;https:\/\/niwar.de\/wp-content\/uploads\/2023\/11\/Soloan.jpg&#8220; title_text=&#8220;Soloan&#8220; _builder_version=&#8220;4.22.1&#8243; _module_preset=&#8220;default&#8220; custom_margin=&#8220;-160px||||false|false&#8220; scroll_vertical_motion_enable=&#8220;on&#8220; scroll_vertical_motion=&#8220;0|50|50|100|1|0|0.5&#8243; border_radii=&#8220;on|10px|10px|10px|10px&#8220; global_colors_info=&#8220;{}&#8220;][\/et_pb_image][\/et_pb_column][et_pb_column type=&#8220;3_5&#8243; _builder_version=&#8220;4.16&#8243; _module_preset=&#8220;default&#8220; background_color=&#8220;#FFFFFF&#8220; custom_padding=&#8220;60px|60px|60px|60px|true|true&#8220; scroll_vertical_motion_enable=&#8220;on&#8220; scroll_vertical_motion=&#8220;0|50|50|100|0.5|0|0&#8243; border_radii=&#8220;on|10px|10px|10px|10px&#8220; global_colors_info=&#8220;{}&#8220;][et_pb_blurb title=&#8220;01 \/ 2022&#8243; use_icon=&#8220;on&#8220; font_icon=&#8220;&#xf0a1;||fa||900&#8243; icon_color=&#8220;#FFF330&#8243; icon_placement=&#8220;left&#8220; image_icon_width=&#8220;23px&#8220; content_max_width=&#8220;100%&#8220; _builder_version=&#8220;4.27.0&#8243; _module_preset=&#8220;default&#8220; header_font=&#8220;||||||||&#8220; header_font_size=&#8220;18px&#8220; header_line_height=&#8220;1.3em&#8220; image_icon_custom_margin=&#8220;|10px|||false|false&#8220; custom_margin=&#8220;||0px||false|false&#8220; global_colors_info=&#8220;{}&#8220;][\/et_pb_blurb][et_pb_text _builder_version=&#8220;4.27.4&#8243; _module_preset=&#8220;default&#8220; custom_margin=&#8220;||40px||false|false&#8220; global_colors_info=&#8220;{}&#8220;]<\/p>\n<h2>Neue Lackier- und Trockenkabine<\/h2>\n<p>Damit wir bei der Lackierung Ihrer hochwertigen Spulen und Trommeln auch die besten Ergebnisse erzielen k\u00f6nnen, investieren wir in qualitativ hochwertige Produkte und Maschinen. Unsere neue Lackier- und Trockenkabine garantiert exzellente Lackierergebnisse. Durch den integrierten vertikalen, horizontalen, diagonalen und doppelt diagonalen Luftstrom gelingt es uns, innerhalb kurzer Zeit mehrere Spulen und Trommeln zu lackieren und somit die Produktionszeiten zu reduzieren und lange Wartezeiten zu vermeiden.<\/p>\n<p>Zudem werden die Anlagen standardm\u00e4\u00dfig ausgestattet mit einem intermittierenden Rezirkulationssystem (IRS) und einem automatischen Energiesparmodus. Das hei\u00dft, wenn die Spritzpistole nicht verwendet wird, schaltet das System automatisch nach ca. 3 Minuten in den Umluftbetrieb. Sobald die Spritzpistole wiederverwendet wird, schaltet das System direkt zur\u00fcck in den Spritzmodus. Das bringt bis zu 40 % Energieersparnis und unterst\u00fctzt uns bei unserer Mission, dem Klimawandel entgegenzuwirken und unserer Vorbildfunktion nachzugehen<span>.<\/span><\/p>\n<p>[\/et_pb_text][dsm_icon_list icon_color=&#8220;#1C1C1C&#8220; icon_padding=&#8220;0px&#8220; icon_font_size=&#8220;25px&#8220; list_space_between=&#8220;15px&#8220; list_padding=&#8220;||||false|false&#8220; text_indent=&#8220;10px&#8220; _builder_version=&#8220;4.22.1&#8243; _module_preset=&#8220;default&#8220; custom_padding=&#8220;||0px|||&#8220; global_colors_info=&#8220;{}&#8220;][dsm_icon_list_child text=&#8220;Abmessung innen: L 8.000 x B 6.000 x H 6.000 mm&#8220; font_icon=&#8220;&#x4e;||divi||400&#8243; _builder_version=&#8220;4.22.1&#8243; _module_preset=&#8220;default&#8220; global_colors_info=&#8220;{}&#8220;][\/dsm_icon_list_child][dsm_icon_list_child text=&#8220;Aus pulverbeschichteten Stahlblechelementen (RAL 9010), 50 mm Dicke, mit zwischenliegender Steinwolle-Isolation&#8220; font_icon=&#8220;&#x4e;||divi||400&#8243; _builder_version=&#8220;4.22.1&#8243; _module_preset=&#8220;default&#8220; global_colors_info=&#8220;{}&#8220;][\/dsm_icon_list_child][dsm_icon_list_child text=&#8220;Doppeltes Falt-Klapp-Tor (RAL 9010) Abmessung: B 6.000 x H 6.000 mm, komplett mit Sichtfenster&#8220; font_icon=&#8220;&#x4e;||divi||400&#8243; _builder_version=&#8220;4.22.1&#8243; _module_preset=&#8220;default&#8220; global_colors_info=&#8220;{}&#8220;][\/dsm_icon_list_child][dsm_icon_list_child text=&#8220;ATEX-Beleuchtungen 20 Stk. &#8220; font_icon=&#8220;&#x4e;||divi||400&#8243; _builder_version=&#8220;4.22.1&#8243; _module_preset=&#8220;default&#8220; global_colors_info=&#8220;{}&#8220;][\/dsm_icon_list_child][dsm_icon_list_child text=&#8220;Filtereinblasdecke \u00fcber die komplette Breite mit 23 m\u00b2 Feinstofffilter (CC 600 G, EU5) in schwenkbaren Filterrahmen&#8220; font_icon=&#8220;&#x4e;||divi||400&#8243; _builder_version=&#8220;4.22.1&#8243; _module_preset=&#8220;default&#8220; global_colors_info=&#8220;{}&#8220;][\/dsm_icon_list_child][dsm_icon_list_child text=&#8220;powered by www.soloan.nl\/de&#8220; font_icon=&#8220;&#x45;||divi||400&#8243; _builder_version=&#8220;4.22.1&#8243; _module_preset=&#8220;default&#8220; global_colors_info=&#8220;{}&#8220;][\/dsm_icon_list_child][\/dsm_icon_list][\/et_pb_column][\/et_pb_row][\/et_pb_section]<\/p>\n","protected":false},"excerpt":{"rendered":"<p>News Damit Sie auch unsere stetige Weiterentwicklung im Auge behalten und zur\u00fcckverfolgen k\u00f6nnen, informieren wir Sie \u00fcber die aktuellen Neuigkeiten in unserem Unternehmen.Neue ABUS Krananlagen Um unsere Intralogistik und Verladung noch effizienter zu gestalten, haben wir in eine moderne Krananlage von ABUS investiert. Zwei 10\u2011t-Krane, ein 5\u2011t- und ein 3,2\u2011t-Kran unterst\u00fctzen uns dabei, schwere Trommeln und Spulen noch sicherer und pr\u00e4ziser zu bewegen. Dank intelligenter Funktionen wie der Pendeld\u00e4mpfung werden Schwingungen w\u00e4hrend der Fahrt automatisch ausgeglichen. Das erh\u00f6ht nicht nur die Sicherheit und den Arbeitskomfort, sondern verbessert auch die pr\u00e4zise Platzierung der Lasten. Zus\u00e4tzlich sorgt die Gleichlaufregelung daf\u00fcr, dass mehrere Hebezeuge synchron arbeiten. Das erleichtert das Heben gro\u00dfer Spulen. \u00dcber individuell einstellbare Fahr- und Hubprofile lassen sich zudem Geschwindigkeit und Beschleunigung genau auf die jeweiligen Anforderungen anpassen. Mit dieser Investition verbessern wir nicht nur unsere innerbetrieblichen Abl\u00e4ufe, sondern auch den Arbeitskomfort f\u00fcr unsere Mitarbeitenden. <div class=\"et_pb_module dsm_icon_list dsm_icon_list_0\">\n\t\t\t\t\n\t\t\t\t\n\t\t\t\t\n\t\t\t\t\n\t\t\t\t\n\t\t\t\t\n\t\t\t\t<div class=\"et_pb_module_inner\">\n\t\t\t\t\t<ul class=\"dsm_icon_list_items dsm_icon_list_ltr_direction dsm_icon_list_layout_vertical\"><li class=\"dsm_icon_list_child dsm_icon_list_child_0\">\n\t\t\t\t\n\t\t\t\t\n\t\t\t\t\n\t\t\t\t\n\t\t\t\t<span class=\"dsm_icon_list_wrapper\"><span class=\"dsm_icon_list_icon\">N<\/span><\/span><span class=\"dsm_icon_list_text\">Funkfernsteuerung mit freier Sicht auf die Last<\/span>\n\t\t\t<\/li><li class=\"dsm_icon_list_child dsm_icon_list_child_1\">\n\t\t\t\t\n\t\t\t\t\n\t\t\t\t\n\t\t\t\t\n\t\t\t\t<span class=\"dsm_icon_list_wrapper\"><span class=\"dsm_icon_list_icon\">N<\/span><\/span><span class=\"dsm_icon_list_text\">Synchronbetrieb m\u00f6glich<\/span>\n\t\t\t<\/li><li class=\"dsm_icon_list_child dsm_icon_list_child_2\">\n\t\t\t\t\n\t\t\t\t\n\t\t\t\t\n\t\t\t\t\n\t\t\t\t<span class=\"dsm_icon_list_wrapper\"><span class=\"dsm_icon_list_icon\">N<\/span><\/span><span class=\"dsm_icon_list_text\">Sanftes Anfahren &#038; Bremsen durch frequenzgeregelte Antriebe<\/span>\n\t\t\t<\/li><li class=\"dsm_icon_list_child dsm_icon_list_child_3\">\n\t\t\t\t\n\t\t\t\t\n\t\t\t\t\n\t\t\t\t\n\t\t\t\t<span class=\"dsm_icon_list_wrapper\"><span class=\"dsm_icon_list_icon\">N<\/span><\/span><span class=\"dsm_icon_list_text\">Wartungsfreundliches, zukunftsf\u00e4higes System<\/span>\n\t\t\t<\/li><li class=\"dsm_icon_list_child dsm_icon_list_child_4\">\n\t\t\t\t\n\t\t\t\t\n\t\t\t\t\n\t\t\t\t\n\t\t\t\t<span class=\"dsm_icon_list_wrapper\"><span class=\"dsm_icon_list_icon\">E<\/span><\/span><span class=\"dsm_icon_list_text\">powered by www.abus-kransysteme.de<\/span>\n\t\t\t<\/li><\/ul>\n\t\t\t\t<\/div>\n\t\t\t<\/div>Neue Lackier- und Trockenkabine [&hellip;]<\/p>\n","protected":false},"author":1,"featured_media":0,"parent":0,"menu_order":0,"comment_status":"closed","ping_status":"closed","template":"","meta":{"_et_pb_use_builder":"on","_et_pb_old_content":"<!-- wp:divi\/placeholder \/-->","_et_gb_content_width":"","footnotes":""},"class_list":["post-230790","page","type-page","status-publish","hentry"],"yoast_head":"<!-- This site is optimized with the Yoast SEO plugin v27.5 - https:\/\/yoast.com\/product\/yoast-seo-wordpress\/ -->\n<title>News - NIWAR Trommel- und Spulenbau GmbH<\/title>\n<meta name=\"robots\" content=\"index, follow, max-snippet:-1, max-image-preview:large, max-video-preview:-1\" \/>\n<link rel=\"canonical\" href=\"https:\/\/niwar.de\/fr\/news\/\" \/>\n<meta property=\"og:locale\" content=\"fr_FR\" \/>\n<meta property=\"og:type\" content=\"article\" \/>\n<meta property=\"og:title\" content=\"News - NIWAR Trommel- und Spulenbau GmbH\" \/>\n<meta property=\"og:description\" content=\"News Damit Sie auch unsere stetige Weiterentwicklung im Auge behalten und zur\u00fcckverfolgen k\u00f6nnen, informieren wir Sie \u00fcber die aktuellen Neuigkeiten in unserem Unternehmen.Neue ABUS Krananlagen Um unsere Intralogistik und Verladung noch effizienter zu gestalten, haben wir in eine moderne Krananlage von ABUS investiert. Zwei 10\u2011t-Krane, ein 5\u2011t- und ein 3,2\u2011t-Kran unterst\u00fctzen uns dabei, schwere Trommeln und Spulen noch sicherer und pr\u00e4ziser zu bewegen. Dank intelligenter Funktionen wie der Pendeld\u00e4mpfung werden Schwingungen w\u00e4hrend der Fahrt automatisch ausgeglichen. Das erh\u00f6ht nicht nur die Sicherheit und den Arbeitskomfort, sondern verbessert auch die pr\u00e4zise Platzierung der Lasten. Zus\u00e4tzlich sorgt die Gleichlaufregelung daf\u00fcr, dass mehrere Hebezeuge synchron arbeiten. Das erleichtert das Heben gro\u00dfer Spulen. \u00dcber individuell einstellbare Fahr- und Hubprofile lassen sich zudem Geschwindigkeit und Beschleunigung genau auf die jeweiligen Anforderungen anpassen. Mit dieser Investition verbessern wir nicht nur unsere innerbetrieblichen Abl\u00e4ufe, sondern auch den Arbeitskomfort f\u00fcr unsere Mitarbeitenden. Neue Lackier- und Trockenkabine [&hellip;]\" \/>\n<meta property=\"og:url\" content=\"https:\/\/niwar.de\/fr\/news\/\" \/>\n<meta property=\"og:site_name\" content=\"NIWAR Trommel- und Spulenbau GmbH\" \/>\n<meta property=\"article:modified_time\" content=\"2026-05-07T14:46:03+00:00\" \/>\n<meta name=\"twitter:card\" content=\"summary_large_image\" \/>\n<meta name=\"twitter:label1\" content=\"Dur\u00e9e de lecture estim\u00e9e\" \/>\n\t<meta name=\"twitter:data1\" content=\"7 minutes\" \/>\n<script type=\"application\/ld+json\" class=\"yoast-schema-graph\">{\"@context\":\"https:\\\/\\\/schema.org\",\"@graph\":[{\"@type\":\"WebPage\",\"@id\":\"https:\\\/\\\/niwar.de\\\/news\\\/\",\"url\":\"https:\\\/\\\/niwar.de\\\/news\\\/\",\"name\":\"News - NIWAR Trommel- und Spulenbau GmbH\",\"isPartOf\":{\"@id\":\"https:\\\/\\\/niwar.de\\\/#website\"},\"datePublished\":\"2023-04-28T11:08:38+00:00\",\"dateModified\":\"2026-05-07T14:46:03+00:00\",\"breadcrumb\":{\"@id\":\"https:\\\/\\\/niwar.de\\\/news\\\/#breadcrumb\"},\"inLanguage\":\"fr-FR\",\"potentialAction\":[{\"@type\":\"ReadAction\",\"target\":[\"https:\\\/\\\/niwar.de\\\/news\\\/\"]}]},{\"@type\":\"BreadcrumbList\",\"@id\":\"https:\\\/\\\/niwar.de\\\/news\\\/#breadcrumb\",\"itemListElement\":[{\"@type\":\"ListItem\",\"position\":1,\"name\":\"Start\",\"item\":\"https:\\\/\\\/niwar.de\\\/\"},{\"@type\":\"ListItem\",\"position\":2,\"name\":\"News\"}]},{\"@type\":\"WebSite\",\"@id\":\"https:\\\/\\\/niwar.de\\\/#website\",\"url\":\"https:\\\/\\\/niwar.de\\\/\",\"name\":\"NIWAR Trommeln- und Spulenbau GmbH\",\"description\":\"\",\"publisher\":{\"@id\":\"https:\\\/\\\/niwar.de\\\/#organization\"},\"potentialAction\":[{\"@type\":\"SearchAction\",\"target\":{\"@type\":\"EntryPoint\",\"urlTemplate\":\"https:\\\/\\\/niwar.de\\\/?s={search_term_string}\"},\"query-input\":{\"@type\":\"PropertyValueSpecification\",\"valueRequired\":true,\"valueName\":\"search_term_string\"}}],\"inLanguage\":\"fr-FR\"},{\"@type\":\"Organization\",\"@id\":\"https:\\\/\\\/niwar.de\\\/#organization\",\"name\":\"NIWAR Trommeln- und Spulenbau GmbH\",\"url\":\"https:\\\/\\\/niwar.de\\\/\",\"logo\":{\"@type\":\"ImageObject\",\"inLanguage\":\"fr-FR\",\"@id\":\"https:\\\/\\\/niwar.de\\\/#\\\/schema\\\/logo\\\/image\\\/\",\"url\":\"https:\\\/\\\/niwar.de\\\/wp-content\\\/uploads\\\/2023\\\/11\\\/NIWAR-Original-4C-mit-Unterzeile-e1699873409749.jpg\",\"contentUrl\":\"https:\\\/\\\/niwar.de\\\/wp-content\\\/uploads\\\/2023\\\/11\\\/NIWAR-Original-4C-mit-Unterzeile-e1699873409749.jpg\",\"width\":457,\"height\":453,\"caption\":\"NIWAR Trommeln- und Spulenbau GmbH\"},\"image\":{\"@id\":\"https:\\\/\\\/niwar.de\\\/#\\\/schema\\\/logo\\\/image\\\/\"}}]}<\/script>\n<!-- \/ Yoast SEO plugin. -->","yoast_head_json":{"title":"News - NIWAR Trommel- und Spulenbau GmbH","robots":{"index":"index","follow":"follow","max-snippet":"max-snippet:-1","max-image-preview":"max-image-preview:large","max-video-preview":"max-video-preview:-1"},"canonical":"https:\/\/niwar.de\/fr\/news\/","og_locale":"fr_FR","og_type":"article","og_title":"News - NIWAR Trommel- und Spulenbau GmbH","og_description":"News Damit Sie auch unsere stetige Weiterentwicklung im Auge behalten und zur\u00fcckverfolgen k\u00f6nnen, informieren wir Sie \u00fcber die aktuellen Neuigkeiten in unserem Unternehmen.Neue ABUS Krananlagen Um unsere Intralogistik und Verladung noch effizienter zu gestalten, haben wir in eine moderne Krananlage von ABUS investiert. Zwei 10\u2011t-Krane, ein 5\u2011t- und ein 3,2\u2011t-Kran unterst\u00fctzen uns dabei, schwere Trommeln und Spulen noch sicherer und pr\u00e4ziser zu bewegen. Dank intelligenter Funktionen wie der Pendeld\u00e4mpfung werden Schwingungen w\u00e4hrend der Fahrt automatisch ausgeglichen. Das erh\u00f6ht nicht nur die Sicherheit und den Arbeitskomfort, sondern verbessert auch die pr\u00e4zise Platzierung der Lasten. Zus\u00e4tzlich sorgt die Gleichlaufregelung daf\u00fcr, dass mehrere Hebezeuge synchron arbeiten. Das erleichtert das Heben gro\u00dfer Spulen. \u00dcber individuell einstellbare Fahr- und Hubprofile lassen sich zudem Geschwindigkeit und Beschleunigung genau auf die jeweiligen Anforderungen anpassen. Mit dieser Investition verbessern wir nicht nur unsere innerbetrieblichen Abl\u00e4ufe, sondern auch den Arbeitskomfort f\u00fcr unsere Mitarbeitenden. Neue Lackier- und Trockenkabine [&hellip;]","og_url":"https:\/\/niwar.de\/fr\/news\/","og_site_name":"NIWAR Trommel- und Spulenbau GmbH","article_modified_time":"2026-05-07T14:46:03+00:00","twitter_card":"summary_large_image","twitter_misc":{"Dur\u00e9e de lecture estim\u00e9e":"7 minutes"},"schema":{"@context":"https:\/\/schema.org","@graph":[{"@type":"WebPage","@id":"https:\/\/niwar.de\/news\/","url":"https:\/\/niwar.de\/news\/","name":"News - NIWAR Trommel- und Spulenbau GmbH","isPartOf":{"@id":"https:\/\/niwar.de\/#website"},"datePublished":"2023-04-28T11:08:38+00:00","dateModified":"2026-05-07T14:46:03+00:00","breadcrumb":{"@id":"https:\/\/niwar.de\/news\/#breadcrumb"},"inLanguage":"fr-FR","potentialAction":[{"@type":"ReadAction","target":["https:\/\/niwar.de\/news\/"]}]},{"@type":"BreadcrumbList","@id":"https:\/\/niwar.de\/news\/#breadcrumb","itemListElement":[{"@type":"ListItem","position":1,"name":"Start","item":"https:\/\/niwar.de\/"},{"@type":"ListItem","position":2,"name":"News"}]},{"@type":"WebSite","@id":"https:\/\/niwar.de\/#website","url":"https:\/\/niwar.de\/","name":"NIWAR Trommel- und Spulenbau GmbH (construction de tambours et de bobines)","description":"","publisher":{"@id":"https:\/\/niwar.de\/#organization"},"potentialAction":[{"@type":"SearchAction","target":{"@type":"EntryPoint","urlTemplate":"https:\/\/niwar.de\/?s={search_term_string}"},"query-input":{"@type":"PropertyValueSpecification","valueRequired":true,"valueName":"search_term_string"}}],"inLanguage":"fr-FR"},{"@type":"Organization","@id":"https:\/\/niwar.de\/#organization","name":"NIWAR Trommel- und Spulenbau GmbH (construction de tambours et de bobines)","url":"https:\/\/niwar.de\/","logo":{"@type":"ImageObject","inLanguage":"fr-FR","@id":"https:\/\/niwar.de\/#\/schema\/logo\/image\/","url":"https:\/\/niwar.de\/wp-content\/uploads\/2023\/11\/NIWAR-Original-4C-mit-Unterzeile-e1699873409749.jpg","contentUrl":"https:\/\/niwar.de\/wp-content\/uploads\/2023\/11\/NIWAR-Original-4C-mit-Unterzeile-e1699873409749.jpg","width":457,"height":453,"caption":"NIWAR Trommeln- und Spulenbau GmbH"},"image":{"@id":"https:\/\/niwar.de\/#\/schema\/logo\/image\/"}}]}},"_links":{"self":[{"href":"https:\/\/niwar.de\/fr\/wp-json\/wp\/v2\/pages\/230790","targetHints":{"allow":["GET"]}}],"collection":[{"href":"https:\/\/niwar.de\/fr\/wp-json\/wp\/v2\/pages"}],"about":[{"href":"https:\/\/niwar.de\/fr\/wp-json\/wp\/v2\/types\/page"}],"author":[{"embeddable":true,"href":"https:\/\/niwar.de\/fr\/wp-json\/wp\/v2\/users\/1"}],"replies":[{"embeddable":true,"href":"https:\/\/niwar.de\/fr\/wp-json\/wp\/v2\/comments?post=230790"}],"version-history":[{"count":93,"href":"https:\/\/niwar.de\/fr\/wp-json\/wp\/v2\/pages\/230790\/revisions"}],"predecessor-version":[{"id":232921,"href":"https:\/\/niwar.de\/fr\/wp-json\/wp\/v2\/pages\/230790\/revisions\/232921"}],"wp:attachment":[{"href":"https:\/\/niwar.de\/fr\/wp-json\/wp\/v2\/media?parent=230790"}],"curies":[{"name":"wp","href":"https:\/\/api.w.org\/{rel}","templated":true}]}}