{"id":4829,"date":"2021-11-19T22:40:02","date_gmt":"2021-11-19T21:40:02","guid":{"rendered":"https:\/\/neu.niwar.de\/?page_id=4829"},"modified":"2026-01-21T10:24:34","modified_gmt":"2026-01-21T09:24:34","slug":"impressum","status":"publish","type":"page","link":"https:\/\/niwar.de\/en\/impressum\/","title":{"rendered":"Imprint"},"content":{"rendered":"<p>[et_pb_section fb_built=&#8220;1&#8243; _builder_version=&#8220;4.21.0&#8243; _module_preset=&#8220;default&#8220; global_colors_info=&#8220;{}&#8220;][et_pb_row _builder_version=&#8220;4.21.0&#8243; _module_preset=&#8220;default&#8220; custom_padding=&#8220;0px||0px||true|false&#8220; global_colors_info=&#8220;{}&#8220;][et_pb_column type=&#8220;4_4&#8243; _builder_version=&#8220;4.21.0&#8243; _module_preset=&#8220;default&#8220; global_colors_info=&#8220;{}&#8220;][et_pb_text _builder_version=&#8220;4.22.1&#8243; _module_preset=&#8220;default&#8220; global_colors_info=&#8220;{}&#8220;]<\/p>\n<h1>Impressum<\/h1>\n<p>&nbsp;<\/p>\n<h2><strong>Angaben gem\u00e4\u00df \u00a7 5 TMG:<\/strong><\/h2>\n<p><strong>NIWAR Trommel- und Spulenbau GmbH<br \/><\/strong>Industriestra\u00dfe 131<br \/>57258 Freudenberg<\/p>\n<h2><strong>Vertreten durch:<\/strong><\/h2>\n<p>Andreas Schmidt (Gesch\u00e4ftsf\u00fchrer)<\/p>\n<p><strong>Kontakt:<br \/><\/strong>Telefon: +49 2734 5735-0<br \/>E-Mail:<span>\u00a0<\/span><a title=\"info@niwar.de\" href=\"mailto:info@niwar.de\" target=\"_blank\" rel=\"noopener\">info@niwar.de<\/a><\/p>\n<h2><strong>Registereintrag:<\/strong><\/h2>\n<p>Eintragung im Handelsregister<br \/>Registergericht: Amtsgericht Siegen<br \/>Registernummer: HRB 2641<\/p>\n<h2><strong>Umsatzsteuer-ID:<\/strong><\/h2>\n<p>Umsatzsteuer-Identifikationsnummer gem\u00e4\u00df \u00a727 a Umsatzsteuergesetz:<br \/>DE 811172406<strong><\/strong><\/p>\n<h2><strong>Redaktionell verantwortlich:<\/strong><\/h2>\n<p>Andreas Schmidt<\/p>\n<h2><strong>EU-Streitschlichtung<\/strong><\/h2>\n<p>Die Europ\u00e4ische Kommission stellt eine Plattform zur Online-Streitbeilegung (OS) bereit: <a href=\"https:\/\/ec.europa.eu\/consumers\/odr\/\" target=\"_blank\" rel=\"noopener noreferrer\">https:\/\/ec.europa.eu\/consumers\/odr\/<\/a>.<br \/>Unsere E-Mail-Adresse finden Sie oben im Impressum.<\/p>\n<h2>Verbraucher\u00adstreit\u00adbeilegung\/Universal\u00adschlichtungs\u00adstelle<\/h2>\n<p>Wir sind nicht bereit oder verpflichtet, an Streitbeilegungsverfahren vor einer Verbraucherschlichtungsstelle teilzunehmen.<\/p>\n<p>[\/et_pb_text][\/et_pb_column][\/et_pb_row][\/et_pb_section]<\/p>\n","protected":false},"excerpt":{"rendered":"<p>Impressum &nbsp; Angaben gem\u00e4\u00df \u00a7 5 TMG: NIWAR Trommel- und Spulenbau GmbHIndustriestra\u00dfe 13157258 Freudenberg Vertreten durch: Andreas Schmidt (Gesch\u00e4ftsf\u00fchrer) Kontakt:Telefon: +49 2734 5735-0E-Mail:\u00a0info@niwar.de Registereintrag: Eintragung im HandelsregisterRegistergericht: Amtsgericht SiegenRegisternummer: HRB 2641 Umsatzsteuer-ID: Umsatzsteuer-Identifikationsnummer gem\u00e4\u00df \u00a727 a Umsatzsteuergesetz:DE 811172406 Redaktionell verantwortlich: Andreas Schmidt EU-Streitschlichtung Die Europ\u00e4ische Kommission stellt eine Plattform zur Online-Streitbeilegung (OS) bereit: https:\/\/ec.europa.eu\/consumers\/odr\/.Unsere E-Mail-Adresse finden Sie oben im Impressum. Verbraucher\u00adstreit\u00adbeilegung\/Universal\u00adschlichtungs\u00adstelle Wir sind nicht bereit oder verpflichtet, an Streitbeilegungsverfahren vor einer Verbraucherschlichtungsstelle teilzunehmen.<\/p>","protected":false},"author":1,"featured_media":0,"parent":0,"menu_order":0,"comment_status":"closed","ping_status":"closed","template":"","meta":{"_et_pb_use_builder":"on","_et_pb_old_content":"","_et_gb_content_width":"","footnotes":""},"class_list":["post-4829","page","type-page","status-publish","hentry"],"yoast_head":"<!-- This site is optimized with the Yoast SEO plugin v27.5 - https:\/\/yoast.com\/product\/yoast-seo-wordpress\/ -->\n<title>Impressum - NIWAR Trommeln- und Spulenbau GmbH<\/title>\n<meta name=\"robots\" content=\"index, follow, max-snippet:-1, max-image-preview:large, max-video-preview:-1\" \/>\n<link rel=\"canonical\" href=\"https:\/\/niwar.de\/en\/impressum\/\" \/>\n<meta property=\"og:locale\" content=\"en_GB\" \/>\n<meta property=\"og:type\" content=\"article\" \/>\n<meta property=\"og:title\" content=\"Impressum - NIWAR Trommeln- und Spulenbau GmbH\" \/>\n<meta property=\"og:description\" content=\"Impressum &nbsp; Angaben gem\u00e4\u00df \u00a7 5 TMG: NIWAR Trommel- und Spulenbau GmbHIndustriestra\u00dfe 13157258 Freudenberg Vertreten durch: Andreas Schmidt (Gesch\u00e4ftsf\u00fchrer) Kontakt:Telefon: +49 2734 5735-0E-Mail:\u00a0info@niwar.de Registereintrag: Eintragung im HandelsregisterRegistergericht: Amtsgericht SiegenRegisternummer: HRB 2641 Umsatzsteuer-ID: Umsatzsteuer-Identifikationsnummer gem\u00e4\u00df \u00a727 a Umsatzsteuergesetz:DE 811172406 Redaktionell verantwortlich: Andreas Schmidt EU-Streitschlichtung Die Europ\u00e4ische Kommission stellt eine Plattform zur Online-Streitbeilegung (OS) bereit: https:\/\/ec.europa.eu\/consumers\/odr\/.Unsere E-Mail-Adresse finden Sie oben im Impressum. Verbraucher\u00adstreit\u00adbeilegung\/Universal\u00adschlichtungs\u00adstelle Wir sind nicht bereit oder verpflichtet, an Streitbeilegungsverfahren vor einer Verbraucherschlichtungsstelle teilzunehmen.\" \/>\n<meta property=\"og:url\" content=\"https:\/\/niwar.de\/en\/impressum\/\" \/>\n<meta property=\"og:site_name\" content=\"NIWAR Trommeln- und Spulenbau GmbH\" \/>\n<meta property=\"article:modified_time\" content=\"2026-01-21T09:24:34+00:00\" \/>\n<meta name=\"twitter:card\" content=\"summary_large_image\" \/>\n<meta name=\"twitter:label1\" content=\"Estimated reading time\" \/>\n\t<meta name=\"twitter:data1\" content=\"1 minute\" \/>\n<script type=\"application\/ld+json\" class=\"yoast-schema-graph\">{\"@context\":\"https:\\\/\\\/schema.org\",\"@graph\":[{\"@type\":\"WebPage\",\"@id\":\"https:\\\/\\\/niwar.de\\\/impressum\\\/\",\"url\":\"https:\\\/\\\/niwar.de\\\/impressum\\\/\",\"name\":\"Impressum - NIWAR Trommeln- und Spulenbau GmbH\",\"isPartOf\":{\"@id\":\"https:\\\/\\\/niwar.de\\\/#website\"},\"datePublished\":\"2021-11-19T21:40:02+00:00\",\"dateModified\":\"2026-01-21T09:24:34+00:00\",\"breadcrumb\":{\"@id\":\"https:\\\/\\\/niwar.de\\\/impressum\\\/#breadcrumb\"},\"inLanguage\":\"en-GB\",\"potentialAction\":[{\"@type\":\"ReadAction\",\"target\":[\"https:\\\/\\\/niwar.de\\\/impressum\\\/\"]}]},{\"@type\":\"BreadcrumbList\",\"@id\":\"https:\\\/\\\/niwar.de\\\/impressum\\\/#breadcrumb\",\"itemListElement\":[{\"@type\":\"ListItem\",\"position\":1,\"name\":\"Start\",\"item\":\"https:\\\/\\\/niwar.de\\\/\"},{\"@type\":\"ListItem\",\"position\":2,\"name\":\"Impressum\"}]},{\"@type\":\"WebSite\",\"@id\":\"https:\\\/\\\/niwar.de\\\/#website\",\"url\":\"https:\\\/\\\/niwar.de\\\/\",\"name\":\"NIWAR Trommeln- und Spulenbau GmbH\",\"description\":\"\",\"publisher\":{\"@id\":\"https:\\\/\\\/niwar.de\\\/#organization\"},\"potentialAction\":[{\"@type\":\"SearchAction\",\"target\":{\"@type\":\"EntryPoint\",\"urlTemplate\":\"https:\\\/\\\/niwar.de\\\/?s={search_term_string}\"},\"query-input\":{\"@type\":\"PropertyValueSpecification\",\"valueRequired\":true,\"valueName\":\"search_term_string\"}}],\"inLanguage\":\"en-GB\"},{\"@type\":\"Organization\",\"@id\":\"https:\\\/\\\/niwar.de\\\/#organization\",\"name\":\"NIWAR Trommeln- und Spulenbau GmbH\",\"url\":\"https:\\\/\\\/niwar.de\\\/\",\"logo\":{\"@type\":\"ImageObject\",\"inLanguage\":\"en-GB\",\"@id\":\"https:\\\/\\\/niwar.de\\\/#\\\/schema\\\/logo\\\/image\\\/\",\"url\":\"https:\\\/\\\/niwar.de\\\/wp-content\\\/uploads\\\/2023\\\/11\\\/NIWAR-Original-4C-mit-Unterzeile-e1699873409749.jpg\",\"contentUrl\":\"https:\\\/\\\/niwar.de\\\/wp-content\\\/uploads\\\/2023\\\/11\\\/NIWAR-Original-4C-mit-Unterzeile-e1699873409749.jpg\",\"width\":457,\"height\":453,\"caption\":\"NIWAR Trommeln- und Spulenbau GmbH\"},\"image\":{\"@id\":\"https:\\\/\\\/niwar.de\\\/#\\\/schema\\\/logo\\\/image\\\/\"}}]}<\/script>\n<!-- \/ Yoast SEO plugin. -->","yoast_head_json":{"title":"Impressum - NIWAR Trommeln- und Spulenbau GmbH","robots":{"index":"index","follow":"follow","max-snippet":"max-snippet:-1","max-image-preview":"max-image-preview:large","max-video-preview":"max-video-preview:-1"},"canonical":"https:\/\/niwar.de\/en\/impressum\/","og_locale":"en_GB","og_type":"article","og_title":"Impressum - NIWAR Trommeln- und Spulenbau GmbH","og_description":"Impressum &nbsp; Angaben gem\u00e4\u00df \u00a7 5 TMG: NIWAR Trommel- und Spulenbau GmbHIndustriestra\u00dfe 13157258 Freudenberg Vertreten durch: Andreas Schmidt (Gesch\u00e4ftsf\u00fchrer) Kontakt:Telefon: +49 2734 5735-0E-Mail:\u00a0info@niwar.de Registereintrag: Eintragung im HandelsregisterRegistergericht: Amtsgericht SiegenRegisternummer: HRB 2641 Umsatzsteuer-ID: Umsatzsteuer-Identifikationsnummer gem\u00e4\u00df \u00a727 a Umsatzsteuergesetz:DE 811172406 Redaktionell verantwortlich: Andreas Schmidt EU-Streitschlichtung Die Europ\u00e4ische Kommission stellt eine Plattform zur Online-Streitbeilegung (OS) bereit: https:\/\/ec.europa.eu\/consumers\/odr\/.Unsere E-Mail-Adresse finden Sie oben im Impressum. Verbraucher\u00adstreit\u00adbeilegung\/Universal\u00adschlichtungs\u00adstelle Wir sind nicht bereit oder verpflichtet, an Streitbeilegungsverfahren vor einer Verbraucherschlichtungsstelle teilzunehmen.","og_url":"https:\/\/niwar.de\/en\/impressum\/","og_site_name":"NIWAR Trommeln- und Spulenbau GmbH","article_modified_time":"2026-01-21T09:24:34+00:00","twitter_card":"summary_large_image","twitter_misc":{"Estimated reading time":"1 minute"},"schema":{"@context":"https:\/\/schema.org","@graph":[{"@type":"WebPage","@id":"https:\/\/niwar.de\/impressum\/","url":"https:\/\/niwar.de\/impressum\/","name":"Impressum - NIWAR Trommeln- und Spulenbau GmbH","isPartOf":{"@id":"https:\/\/niwar.de\/#website"},"datePublished":"2021-11-19T21:40:02+00:00","dateModified":"2026-01-21T09:24:34+00:00","breadcrumb":{"@id":"https:\/\/niwar.de\/impressum\/#breadcrumb"},"inLanguage":"en-GB","potentialAction":[{"@type":"ReadAction","target":["https:\/\/niwar.de\/impressum\/"]}]},{"@type":"BreadcrumbList","@id":"https:\/\/niwar.de\/impressum\/#breadcrumb","itemListElement":[{"@type":"ListItem","position":1,"name":"Start","item":"https:\/\/niwar.de\/"},{"@type":"ListItem","position":2,"name":"Impressum"}]},{"@type":"WebSite","@id":"https:\/\/niwar.de\/#website","url":"https:\/\/niwar.de\/","name":"NIWAR drum and spool construction GmbH","description":"","publisher":{"@id":"https:\/\/niwar.de\/#organization"},"potentialAction":[{"@type":"SearchAction","target":{"@type":"EntryPoint","urlTemplate":"https:\/\/niwar.de\/?s={search_term_string}"},"query-input":{"@type":"PropertyValueSpecification","valueRequired":true,"valueName":"search_term_string"}}],"inLanguage":"en-GB"},{"@type":"Organization","@id":"https:\/\/niwar.de\/#organization","name":"NIWAR drum and spool construction GmbH","url":"https:\/\/niwar.de\/","logo":{"@type":"ImageObject","inLanguage":"en-GB","@id":"https:\/\/niwar.de\/#\/schema\/logo\/image\/","url":"https:\/\/niwar.de\/wp-content\/uploads\/2023\/11\/NIWAR-Original-4C-mit-Unterzeile-e1699873409749.jpg","contentUrl":"https:\/\/niwar.de\/wp-content\/uploads\/2023\/11\/NIWAR-Original-4C-mit-Unterzeile-e1699873409749.jpg","width":457,"height":453,"caption":"NIWAR Trommeln- und Spulenbau GmbH"},"image":{"@id":"https:\/\/niwar.de\/#\/schema\/logo\/image\/"}}]}},"_links":{"self":[{"href":"https:\/\/niwar.de\/en\/wp-json\/wp\/v2\/pages\/4829","targetHints":{"allow":["GET"]}}],"collection":[{"href":"https:\/\/niwar.de\/en\/wp-json\/wp\/v2\/pages"}],"about":[{"href":"https:\/\/niwar.de\/en\/wp-json\/wp\/v2\/types\/page"}],"author":[{"embeddable":true,"href":"https:\/\/niwar.de\/en\/wp-json\/wp\/v2\/users\/1"}],"replies":[{"embeddable":true,"href":"https:\/\/niwar.de\/en\/wp-json\/wp\/v2\/comments?post=4829"}],"version-history":[{"count":5,"href":"https:\/\/niwar.de\/en\/wp-json\/wp\/v2\/pages\/4829\/revisions"}],"predecessor-version":[{"id":232905,"href":"https:\/\/niwar.de\/en\/wp-json\/wp\/v2\/pages\/4829\/revisions\/232905"}],"wp:attachment":[{"href":"https:\/\/niwar.de\/en\/wp-json\/wp\/v2\/media?parent=4829"}],"curies":[{"name":"wp","href":"https:\/\/api.w.org\/{rel}","templated":true}]}}